{"id":2,"date":"2020-04-02T20:55:32","date_gmt":"2020-04-02T18:55:32","guid":{"rendered":"https:\/\/www.defenderparts.de\/?page_id=2"},"modified":"2021-08-27T11:48:18","modified_gmt":"2021-08-27T09:48:18","slug":"newdefender","status":"publish","type":"page","link":"https:\/\/www.expedition-parts.de\/en\/newdefender\/","title":{"rendered":"Der &#8220;New Defender 2020&#8221;"},"content":{"rendered":"\n<p>Hier entsteht in K\u00fcrze eine umfangreiche Sammlung an Informationen rund um den <\/p>\n\n\n\n<p>Land Rover &#8211; &#8220;New Defender&#8221; <br>Modellreihe: L663<br>Plattform: D7x<\/p>\n\n\n\n<p> <strong>Gel\u00e4ndeangaben:<\/strong><br>B\u00f6schungswinkel vorn: 30,1\u00b0 (Standardh\u00f6he) bzw. 38\u00b0 (Offroad-H\u00f6he) | Vergleich Discovery 4: 36\u00b0 | Vergleich Jeep Wrangler: 37,7\u00b0<br>B\u00f6schungswinkel hinten: 37,7\u00b0 (Standardh\u00f6he) bzw. 40\u00b0 (Offroad-H\u00f6he) | Vergleich Discovery 4: 27\u00b0 | Vergleich Jeep Wrangler: 31,3\u00b0<br>Rampenwinkel: 22\u00b0 (Standardh\u00f6he) bzw. 28\u00b0 (Offroad-H\u00f6he) | Vergleich Discovery 4: 29\u00b0 | Vergleich Jeep Wrangler: 20,3\u00b0<br>Wattiefe: 900mm | Vergleich Discovery 4: 700mm | Vergleich Jeep Wrangler: 762mm<br>Bodenfreiheit: 218mm (Standardh\u00f6he) bzw. 293 (Offroad-H\u00f6he) | Vergleich Discovery 4: 225mm | Vergleich Jeep Wrangler: 253mm<br>Maximale Steif\u00e4higkeit: 45\u00b0 | Vergleich Discovery 4: 35\u00b0 | Vergleich Jeep Wrangler: 38\u00b0<br>Maximaler seitlicher Neigungswinkel: 45\u00b0 | Vergleich Discovery 4: k.A. | Vergleich Jeep Wrangler: 45\u00b0<\/p>\n\n\n\n<p><strong>Modellvarianten<\/strong><br>Den Land Rover Defender 2020 (New Defender) wird es wie gewohnt in zwei Karosserievarianten &#8211; 90 und 110 geben. Die Namensgebung 90 und 110 bezieht sich auf den Radstand des Urmodells, der beim 90er etwa 90 Zoll und beim 110er etwa 110 Zoll betragen hat. Der Radstand des Neuen Defender 110 wird jedoch mit 3.022mm angegeben.<br><br>Den Land Rover 110 gibt es als 5-Sitzer, 6-Sitzer (zus\u00e4tzlicher dritter Notsitz vorne in der Mitte) und als 7-Sitzer (dritte Sitzreihe im Kofferraum).<\/p>\n\n\n\n<div class=\"wp-block-image\"><figure class=\"aligncenter size-large\"><img decoding=\"async\" loading=\"lazy\" width=\"1024\" height=\"978\" src=\"https:\/\/i0.wp.com\/www.expedition-parts.de\/wp-content\/uploads\/2020\/06\/DiscoveryParts_Defender_2_New_Defender_L663_Front_trnsp_Winch_s.png?resize=1024%2C978&#038;ssl=1\" alt=\"\" class=\"wp-image-577\" srcset=\"https:\/\/i0.wp.com\/www.expedition-parts.de\/wp-content\/uploads\/2020\/06\/DiscoveryParts_Defender_2_New_Defender_L663_Front_trnsp_Winch_s.png?resize=1024%2C978&amp;ssl=1 1024w, https:\/\/i0.wp.com\/www.expedition-parts.de\/wp-content\/uploads\/2020\/06\/DiscoveryParts_Defender_2_New_Defender_L663_Front_trnsp_Winch_s.png?resize=300%2C287&amp;ssl=1 300w, https:\/\/i0.wp.com\/www.expedition-parts.de\/wp-content\/uploads\/2020\/06\/DiscoveryParts_Defender_2_New_Defender_L663_Front_trnsp_Winch_s.png?resize=768%2C733&amp;ssl=1 768w, https:\/\/i0.wp.com\/www.expedition-parts.de\/wp-content\/uploads\/2020\/06\/DiscoveryParts_Defender_2_New_Defender_L663_Front_trnsp_Winch_s.png?w=1200&amp;ssl=1 1200w\" sizes=\"(max-width: 1024px) 100vw, 1024px\" data-recalc-dims=\"1\" \/><\/figure><\/div>\n\n\n\n<p>M<strong>otorisierungen<\/strong><br>Zum Verkaufstart stehen vier Motorenvarianten zur Verf\u00fcgung deren Namensgebung Hinweise auf die Kraftstoffart (P = Petrol = Benzin bzw. D = Diesel) gibt. Die dreistellige Ziffer hinter dem Kraftstoffk\u00fcrzel gibt die maximale Leistung des Antriebes in PS an. <br><br>Benziner:<br>Defender P300 AWD <br>4 Zylinder Turbobenziner mit 1997ccm Hubraum<br>Leistung: 221kW \/ 300PS<br>Drehmoment: 400Nm<br>Fahrleistungen: 8,1s auf 100km\/h<br>H\u00f6chstgeschwindigkeit: 191km\/h<br>Getriebe: 8-Gang Automatik<br>Verbrauch 7,7l<br><br>Defender P400 AWD<br>6 Zylinder Turbobenziner mit 2996ccm Hubraum<br>Leistung: 77kW \/ 294PS<br>Drehmoment: 550Nm<br>Fahrleistungen: 6,1s auf 100km\/h<br>H\u00f6chstgeschwindigkeit: 191km\/h<br>Getriebe: 8-Gang Automatik<br>Verbrauch: 9,9l<br><br>Diesel:<br>D200 AWD<br>4 Zylinder Turbodiesel (Twinturbo) mit 1999ccm Hubraum<br>Leistung: 147kW \/ 200PS<br>Drehmoment: 430Nm<br>Fahrleistungen: 10,3s auf 100km\/h<br>H\u00f6chstgeschwindigkeit: 175km\/h<br>Getriebe: 8-Gang Automatik<br>Verbrauch: 7,7l<br><br>D240 AWD<br>4 Zylinder Turbodiesel (Twinturbo) mit 1999ccm Hubraum<br>Leistung: 177kw \/ 240 PS<br>Drehmoment: 430Nm<br>Fahrleistungen: 9,1s auf 100km\/h<br>H\u00f6chstgeschwindigkeit: 188km\/h<br>Getriebe: 8-Gang Automatik<br>Verbrauch: 7,7l<br><\/p>\n\n\n\n<p><strong>Abmessungen und Massen<\/strong><br>Land Rover Defender 110<br>L\u00e4nge: 5,02m<br>Breite: 2,11m<br>H\u00f6he: 1,97m<br>Leergewicht: 2.323kg<br>Anh\u00e4ngelast: 3.500kg<br>Zul\u00e4ssiges Gesamtgewicht: 3.105 (P300) \/ 3.150 (D200 und D240) \/ 3.165 (P400)<\/p>\n\n\n\n<p><strong>Fahrwerk<\/strong><br>Vorderradaufh\u00e4ngung: Einzelradaufh\u00e4ngung mit Doppelquerlenkern<br>Hinterradaufh\u00e4ngung: Einzelradaufh\u00e4ngung, Integral Hinterachse<\/p>\n\n\n\n<p><br><br><\/p>\n\n\n\n<p><\/p>\n","protected":false},"excerpt":{"rendered":"<p>Hier entsteht in K\u00fcrze eine umfangreiche Sammlung an Informationen rund um den Land Rover &#8211; &#8220;New Defender&#8221; Modellreihe: L663Plattform: D7x&hellip;<\/p>\n","protected":false},"author":1,"featured_media":0,"parent":0,"menu_order":0,"comment_status":"closed","ping_status":"open","template":"","meta":[],"jetpack_sharing_enabled":true,"_links":{"self":[{"href":"https:\/\/www.expedition-parts.de\/en\/wp-json\/wp\/v2\/pages\/2"}],"collection":[{"href":"https:\/\/www.expedition-parts.de\/en\/wp-json\/wp\/v2\/pages"}],"about":[{"href":"https:\/\/www.expedition-parts.de\/en\/wp-json\/wp\/v2\/types\/page"}],"author":[{"embeddable":true,"href":"https:\/\/www.expedition-parts.de\/en\/wp-json\/wp\/v2\/users\/1"}],"replies":[{"embeddable":true,"href":"https:\/\/www.expedition-parts.de\/en\/wp-json\/wp\/v2\/comments?post=2"}],"version-history":[{"count":9,"href":"https:\/\/www.expedition-parts.de\/en\/wp-json\/wp\/v2\/pages\/2\/revisions"}],"predecessor-version":[{"id":2384,"href":"https:\/\/www.expedition-parts.de\/en\/wp-json\/wp\/v2\/pages\/2\/revisions\/2384"}],"wp:attachment":[{"href":"https:\/\/www.expedition-parts.de\/en\/wp-json\/wp\/v2\/media?parent=2"}],"curies":[{"name":"wp","href":"https:\/\/api.w.org\/{rel}","templated":true}]}}